{"id":3,"date":"2022-05-07T08:36:10","date_gmt":"2022-05-07T08:36:10","guid":{"rendered":"https:\/\/civico32.org\/new\/?page_id=3"},"modified":"2022-05-18T17:06:35","modified_gmt":"2022-05-18T17:06:35","slug":"privacy-policy","status":"publish","type":"page","link":"https:\/\/civico32.org\/index.php\/privacy-policy\/","title":{"rendered":"Privacy Policy"},"content":{"rendered":"\n<p><strong>INFORMATIVA PRIVACY<\/strong><\/p>\n\n\n\n<p>Questa informativa si applica al sito web www.civico32.org<\/p>\n\n\n\n<p><strong>Titolare del trattamento dei dati<\/strong><\/p>\n\n\n\n<p>Il titolare del trattamento dei dati personali, ai sensi dell\u2019articolo 28 del D.lgs.196\/2003, \u00e8 l\u2019Associazione Culturale IL CIVICO 32, con sede in Via Corticella 22 \u2013 40128 Bologna nella persona di Andrea Resca.<\/p>\n\n\n\n<p><strong>Norme generali<\/strong><\/p>\n\n\n\n<p>Associazione Culturale IL CIVICO 32 garantisce che il trattamento dei dati che dovessero pervenire via posta elettronica o appositi moduli elettronici \u00e8 conforme a quanto previsto dalla normativa sulla privacy.\u2028Richieste, suggerimenti, idee, informazioni, materiali, ecc. non saranno considerati informazioni o dati di natura confidenziale, non dovr\u00e0 violare diritti altrui e dovr\u00e0 contenere informazioni valide, non lesive di diritti altrui e veritiere. In ogni caso non potr\u00e0 essere attribuita ad Associazione Culturale IL CIVICO 32 responsabilit\u00e0 alcuna sul contenuto dei messaggi stessi.<\/p>\n\n\n\n<p><strong>Dati di navigazione<\/strong><\/p>\n\n\n\n<p>Come in molti altri siti, il sito www.civico32.orgil risiede su un server Seeweb s.r.l. Il presente sito pu\u00f2 salvare automaticamente nel \u201clog file\u201d interno alcune informazioni come l\u2019indirizzo IP o i nomi a dominio dei computer utilizzati dagli utenti che si connettono al sito, gli indirizzi in notazione URI (Uniform Resource Identifier) delle risorse richieste, l\u2019orario della richiesta, il metodo utilizzato nel sottoporre la richiesta al server, la dimensione del file ottenuto in risposta, il codice numerico indicante lo stato della risposta data dal server (buon fine, errore, ecc.) ed altri parametri relativi al sistema operativo e all\u2019ambiente informatico dell\u2019utente.<\/p>\n\n\n\n<p>Le politiche dei cookie adottata da Seeweb s.r.l. sono disponibili a questo&nbsp;<a href=\"https:\/\/civico32.org\/images\/civico32old\/stories\/Associazione\/In_che_modo_Seeweb_utilizza_i_cookie.pdf\" target=\"_blank\" rel=\"noreferrer noopener\">link<\/a><\/p>\n\n\n\n<p><strong>Gestione dati personali<\/strong><\/p>\n\n\n\n<p>Ogni volta che riceverai una newsletter da&nbsp;<a href=\"mailto:info@civico32.org\">info@civico32.org<\/a>&nbsp;troverai SEMPRE in fondo un link con cui, cliccandoci sopra, potrai:<\/p>\n\n\n\n<p>1) Cancellare la tua e-mail dal nostro archivio<\/p>\n\n\n\n<p>2) Correggere i tuoi dati personali, nome o email<\/p>\n\n\n\n<p>I tuoi dati personali, che hai spontaneamente lasciato in precedenza al Regolamento di cui sopra verranno usati esclusivamente per i seguenti scopi:<\/p>\n\n\n\n<p>\u2013 comunicazioni associative (convocazione assemblee, cene o pranzi sociali)<\/p>\n\n\n\n<p>\u2013 comunicazioni relativi ad eventi e attivit\u00e0 organizzate dall\u2019Associazione<\/p>\n\n\n\n<p>Ovviamente puoi anche non lasciarci i tuoi dati personali, ma in questo caso saremo impossibilitati a fornirti e a comunicarti novit\u00e0, informazioni, aggiornamenti.<\/p>\n\n\n\n<p>I dati personali e anagrafici che ci fornisci quando ti registri alla nostra newsletter sono trattati con strumenti automatizzati e non, con accesso controllato e secondo le modalit\u00e0 prescritte dalla Legge e dal Regolamento sulla Privacy, nel rispetto di tali normative e degli obblighi di riservatezza previsti.<\/p>\n\n\n\n<p><strong>Invio della Newsletter attraverso MailChimp<\/strong><\/p>\n\n\n\n<p>Devi sapere che IL CIVICO 32 usa e tratta i tuoi dati anche attraverso la piattaforma MailChimp per l\u2019invio delle sue newsletter.<\/p>\n\n\n\n<p>MailChimp \u00e8 a tutti gli effetti un Data Processor, cio\u00e8 tratta i dati per conto dei titolari dei suoi account (Data Controller).<\/p>\n\n\n\n<p>Fra i dati trattati da MailChimp ci sono i dati degli iscritti alla mailing list, che comprendono o possono comprendere nome, dati di contatto, interessi e preferenze, informazioni pubbliche su profili social e dati tecnici come indirizzi IP, cookie, dati di navigazione; MailChimp traccia i comportamenti degli iscritti tramite cookie, web beacons e tecnologie simili;<\/p>\n\n\n\n<p>I dati risiedono sui server MailChimp che possono essere localizzati ovunque nel mondo e sono gestiti con procedure di sicurezza solide e documentate, che rispondono ai requisiti del&nbsp;<a href=\"https:\/\/www.privacyshield.gov\/welcome\">Privacy Shield<\/a>, protocollo riconosciuto e approvato dalla Commissione UE.<\/p>\n\n\n\n<p>Come quasi tutte le piattaforme online internazionali, MailChimp si \u00e8 mossa con largo anticipo per prepararsi al GDPR, aggiornando gli accordi che regolano la sua relazione coi titolari degli account.<\/p>\n\n\n\n<p><strong>Diritti degli\/delle interessati\/e<\/strong><\/p>\n\n\n\n<p>Puoi esercitare i tuoi diritti rivolgendoti a IL CIVICO 32 tramite e-mail a&nbsp;<a href=\"mailto:info@civico32.org\">info@civico32.org<\/a>&nbsp;o cliccando su apposito link quando ricevi una newsletter da&nbsp;<a href=\"mailto:info@civico32.org\">info@civico32.org<\/a>&nbsp;<\/p>\n\n\n\n<p>In particolare hai il diritto di ottenere in qualunque momento la conferma dell\u2019esistenza o meno dei dati che ti riguardano e di conoscerne il contenuto e l\u2019origine, verificarne l\u2019esattezza o chiederne l\u2019integrazione o l\u2019aggiornamento, oppure la rettificazione o la cancellazione.<\/p>\n","protected":false},"excerpt":{"rendered":"<p>INFORMATIVA PRIVACY Questa informativa si applica al sito web www.civico32.org Titolare del trattamento dei dati Il titolare del trattamento dei dati personali, [&hellip;]<\/p>\n","protected":false},"author":1,"featured_media":0,"parent":0,"menu_order":0,"comment_status":"closed","ping_status":"closed","template":"","meta":{"footnotes":""},"class_list":{"0":"post-3","1":"page","2":"type-page","3":"status-publish","5":"col-md-12"},"yoast_head":"<!-- This site is optimized with the Yoast SEO plugin v24.6 - https:\/\/yoast.com\/wordpress\/plugins\/seo\/ -->\n<title>Privacy Policy - associazione civico 32<\/title>\n<meta name=\"robots\" content=\"index, follow, max-snippet:-1, max-image-preview:large, max-video-preview:-1\" \/>\n<link rel=\"canonical\" href=\"https:\/\/civico32.org\/index.php\/privacy-policy\/\" \/>\n<meta property=\"og:locale\" content=\"it_IT\" \/>\n<meta property=\"og:type\" content=\"article\" \/>\n<meta property=\"og:title\" content=\"Privacy Policy - associazione civico 32\" \/>\n<meta property=\"og:description\" content=\"INFORMATIVA PRIVACY Questa informativa si applica al sito web www.civico32.org Titolare del trattamento dei dati Il titolare del trattamento dei dati personali, [&hellip;]\" \/>\n<meta property=\"og:url\" content=\"https:\/\/civico32.org\/index.php\/privacy-policy\/\" \/>\n<meta property=\"og:site_name\" content=\"associazione civico 32\" \/>\n<meta property=\"article:modified_time\" content=\"2022-05-18T17:06:35+00:00\" \/>\n<meta name=\"twitter:card\" content=\"summary_large_image\" \/>\n<meta name=\"twitter:label1\" content=\"Tempo di lettura stimato\" \/>\n\t<meta name=\"twitter:data1\" content=\"4 minuti\" \/>\n<script type=\"application\/ld+json\" class=\"yoast-schema-graph\">{\"@context\":\"https:\/\/schema.org\",\"@graph\":[{\"@type\":\"WebPage\",\"@id\":\"https:\/\/civico32.org\/index.php\/privacy-policy\/\",\"url\":\"https:\/\/civico32.org\/index.php\/privacy-policy\/\",\"name\":\"Privacy Policy - associazione civico 32\",\"isPartOf\":{\"@id\":\"https:\/\/civico32.org\/#website\"},\"datePublished\":\"2022-05-07T08:36:10+00:00\",\"dateModified\":\"2022-05-18T17:06:35+00:00\",\"breadcrumb\":{\"@id\":\"https:\/\/civico32.org\/index.php\/privacy-policy\/#breadcrumb\"},\"inLanguage\":\"it-IT\",\"potentialAction\":[{\"@type\":\"ReadAction\",\"target\":[\"https:\/\/civico32.org\/index.php\/privacy-policy\/\"]}]},{\"@type\":\"BreadcrumbList\",\"@id\":\"https:\/\/civico32.org\/index.php\/privacy-policy\/#breadcrumb\",\"itemListElement\":[{\"@type\":\"ListItem\",\"position\":1,\"name\":\"Home\",\"item\":\"https:\/\/civico32.org\/\"},{\"@type\":\"ListItem\",\"position\":2,\"name\":\"Privacy Policy\"}]},{\"@type\":\"WebSite\",\"@id\":\"https:\/\/civico32.org\/#website\",\"url\":\"https:\/\/civico32.org\/\",\"name\":\"associazione civico 32\",\"description\":\"Just another WordPress site\",\"publisher\":{\"@id\":\"https:\/\/civico32.org\/#organization\"},\"potentialAction\":[{\"@type\":\"SearchAction\",\"target\":{\"@type\":\"EntryPoint\",\"urlTemplate\":\"https:\/\/civico32.org\/?s={search_term_string}\"},\"query-input\":{\"@type\":\"PropertyValueSpecification\",\"valueRequired\":true,\"valueName\":\"search_term_string\"}}],\"inLanguage\":\"it-IT\"},{\"@type\":\"Organization\",\"@id\":\"https:\/\/civico32.org\/#organization\",\"name\":\"associazione civico 32\",\"url\":\"https:\/\/civico32.org\/\",\"logo\":{\"@type\":\"ImageObject\",\"inLanguage\":\"it-IT\",\"@id\":\"https:\/\/civico32.org\/#\/schema\/logo\/image\/\",\"url\":\"https:\/\/i0.wp.com\/civico32.org\/new\/wp-content\/uploads\/2022\/05\/cropped-cropped-CIVICO32_logo.jpg?fit=687%2C261&ssl=1\",\"contentUrl\":\"https:\/\/i0.wp.com\/civico32.org\/new\/wp-content\/uploads\/2022\/05\/cropped-cropped-CIVICO32_logo.jpg?fit=687%2C261&ssl=1\",\"width\":687,\"height\":261,\"caption\":\"associazione civico 32\"},\"image\":{\"@id\":\"https:\/\/civico32.org\/#\/schema\/logo\/image\/\"}}]}<\/script>\n<!-- \/ Yoast SEO plugin. -->","yoast_head_json":{"title":"Privacy Policy - associazione civico 32","robots":{"index":"index","follow":"follow","max-snippet":"max-snippet:-1","max-image-preview":"max-image-preview:large","max-video-preview":"max-video-preview:-1"},"canonical":"https:\/\/civico32.org\/index.php\/privacy-policy\/","og_locale":"it_IT","og_type":"article","og_title":"Privacy Policy - associazione civico 32","og_description":"INFORMATIVA PRIVACY Questa informativa si applica al sito web www.civico32.org Titolare del trattamento dei dati Il titolare del trattamento dei dati personali, [&hellip;]","og_url":"https:\/\/civico32.org\/index.php\/privacy-policy\/","og_site_name":"associazione civico 32","article_modified_time":"2022-05-18T17:06:35+00:00","twitter_card":"summary_large_image","twitter_misc":{"Tempo di lettura stimato":"4 minuti"},"schema":{"@context":"https:\/\/schema.org","@graph":[{"@type":"WebPage","@id":"https:\/\/civico32.org\/index.php\/privacy-policy\/","url":"https:\/\/civico32.org\/index.php\/privacy-policy\/","name":"Privacy Policy - associazione civico 32","isPartOf":{"@id":"https:\/\/civico32.org\/#website"},"datePublished":"2022-05-07T08:36:10+00:00","dateModified":"2022-05-18T17:06:35+00:00","breadcrumb":{"@id":"https:\/\/civico32.org\/index.php\/privacy-policy\/#breadcrumb"},"inLanguage":"it-IT","potentialAction":[{"@type":"ReadAction","target":["https:\/\/civico32.org\/index.php\/privacy-policy\/"]}]},{"@type":"BreadcrumbList","@id":"https:\/\/civico32.org\/index.php\/privacy-policy\/#breadcrumb","itemListElement":[{"@type":"ListItem","position":1,"name":"Home","item":"https:\/\/civico32.org\/"},{"@type":"ListItem","position":2,"name":"Privacy Policy"}]},{"@type":"WebSite","@id":"https:\/\/civico32.org\/#website","url":"https:\/\/civico32.org\/","name":"associazione civico 32","description":"Just another WordPress site","publisher":{"@id":"https:\/\/civico32.org\/#organization"},"potentialAction":[{"@type":"SearchAction","target":{"@type":"EntryPoint","urlTemplate":"https:\/\/civico32.org\/?s={search_term_string}"},"query-input":{"@type":"PropertyValueSpecification","valueRequired":true,"valueName":"search_term_string"}}],"inLanguage":"it-IT"},{"@type":"Organization","@id":"https:\/\/civico32.org\/#organization","name":"associazione civico 32","url":"https:\/\/civico32.org\/","logo":{"@type":"ImageObject","inLanguage":"it-IT","@id":"https:\/\/civico32.org\/#\/schema\/logo\/image\/","url":"https:\/\/i0.wp.com\/civico32.org\/new\/wp-content\/uploads\/2022\/05\/cropped-cropped-CIVICO32_logo.jpg?fit=687%2C261&ssl=1","contentUrl":"https:\/\/i0.wp.com\/civico32.org\/new\/wp-content\/uploads\/2022\/05\/cropped-cropped-CIVICO32_logo.jpg?fit=687%2C261&ssl=1","width":687,"height":261,"caption":"associazione civico 32"},"image":{"@id":"https:\/\/civico32.org\/#\/schema\/logo\/image\/"}}]}},"jetpack_sharing_enabled":true,"_links":{"self":[{"href":"https:\/\/civico32.org\/index.php\/wp-json\/wp\/v2\/pages\/3","targetHints":{"allow":["GET"]}}],"collection":[{"href":"https:\/\/civico32.org\/index.php\/wp-json\/wp\/v2\/pages"}],"about":[{"href":"https:\/\/civico32.org\/index.php\/wp-json\/wp\/v2\/types\/page"}],"author":[{"embeddable":true,"href":"https:\/\/civico32.org\/index.php\/wp-json\/wp\/v2\/users\/1"}],"replies":[{"embeddable":true,"href":"https:\/\/civico32.org\/index.php\/wp-json\/wp\/v2\/comments?post=3"}],"version-history":[{"count":1,"href":"https:\/\/civico32.org\/index.php\/wp-json\/wp\/v2\/pages\/3\/revisions"}],"predecessor-version":[{"id":509,"href":"https:\/\/civico32.org\/index.php\/wp-json\/wp\/v2\/pages\/3\/revisions\/509"}],"wp:attachment":[{"href":"https:\/\/civico32.org\/index.php\/wp-json\/wp\/v2\/media?parent=3"}],"curies":[{"name":"wp","href":"https:\/\/api.w.org\/{rel}","templated":true}]}}