{"id":2,"date":"2022-05-07T08:36:10","date_gmt":"2022-05-07T08:36:10","guid":{"rendered":"https:\/\/civico32.org\/new\/?page_id=2"},"modified":"2022-05-20T16:36:20","modified_gmt":"2022-05-20T16:36:20","slug":"sample-page","status":"publish","type":"page","link":"https:\/\/civico32.org\/index.php\/sample-page\/","title":{"rendered":"Chi siamo"},"content":{"rendered":"\n<p><img data-recalc-dims=\"1\" decoding=\"async\" width=\"150\" height=\"55\" data-attachment-id=\"17\" data-permalink=\"https:\/\/civico32.org\/cropped-civico-jpg\/\" data-orig-file=\"https:\/\/i0.wp.com\/civico32.org\/new\/wp-content\/uploads\/2022\/05\/cropped-civico.jpg?fit=232%2C85&amp;ssl=1\" data-orig-size=\"232,85\" data-comments-opened=\"0\" data-image-meta=\"{&quot;aperture&quot;:&quot;0&quot;,&quot;credit&quot;:&quot;&quot;,&quot;camera&quot;:&quot;&quot;,&quot;caption&quot;:&quot;&quot;,&quot;created_timestamp&quot;:&quot;0&quot;,&quot;copyright&quot;:&quot;&quot;,&quot;focal_length&quot;:&quot;0&quot;,&quot;iso&quot;:&quot;0&quot;,&quot;shutter_speed&quot;:&quot;0&quot;,&quot;title&quot;:&quot;&quot;,&quot;orientation&quot;:&quot;1&quot;}\" data-image-title=\"cropped-civico.jpg\" data-image-description=\"&lt;p&gt;https:\/\/civico32.org\/new\/wp-content\/uploads\/2022\/05\/cropped-civico.jpg&lt;\/p&gt;\n\" data-image-caption=\"\" data-large-file=\"https:\/\/i0.wp.com\/civico32.org\/new\/wp-content\/uploads\/2022\/05\/cropped-civico.jpg?fit=232%2C85&amp;ssl=1\" class=\"wp-image-17\" style=\"width: 150px;\" src=\"https:\/\/i0.wp.com\/civico32.org\/new\/wp-content\/uploads\/2022\/05\/cropped-civico.jpg?resize=150%2C55&#038;ssl=1\" alt=\"\">&nbsp;\u00e8 un&#8217;associazione non riconosciuta senza fini di lucro<\/p>\n\n\n\n<p><img data-recalc-dims=\"1\" decoding=\"async\" width=\"150\" height=\"55\" data-attachment-id=\"17\" data-permalink=\"https:\/\/civico32.org\/cropped-civico-jpg\/\" data-orig-file=\"https:\/\/i0.wp.com\/civico32.org\/new\/wp-content\/uploads\/2022\/05\/cropped-civico.jpg?fit=232%2C85&amp;ssl=1\" data-orig-size=\"232,85\" data-comments-opened=\"0\" data-image-meta=\"{&quot;aperture&quot;:&quot;0&quot;,&quot;credit&quot;:&quot;&quot;,&quot;camera&quot;:&quot;&quot;,&quot;caption&quot;:&quot;&quot;,&quot;created_timestamp&quot;:&quot;0&quot;,&quot;copyright&quot;:&quot;&quot;,&quot;focal_length&quot;:&quot;0&quot;,&quot;iso&quot;:&quot;0&quot;,&quot;shutter_speed&quot;:&quot;0&quot;,&quot;title&quot;:&quot;&quot;,&quot;orientation&quot;:&quot;1&quot;}\" data-image-title=\"cropped-civico.jpg\" data-image-description=\"&lt;p&gt;https:\/\/civico32.org\/new\/wp-content\/uploads\/2022\/05\/cropped-civico.jpg&lt;\/p&gt;\n\" data-image-caption=\"\" data-large-file=\"https:\/\/i0.wp.com\/civico32.org\/new\/wp-content\/uploads\/2022\/05\/cropped-civico.jpg?fit=232%2C85&amp;ssl=1\" class=\"wp-image-17\" style=\"width: 150px;\" src=\"https:\/\/i0.wp.com\/civico32.org\/new\/wp-content\/uploads\/2022\/05\/cropped-civico.jpg?resize=150%2C55&#038;ssl=1\" alt=\"\">&nbsp;\u00e8 aperta a iniziative e proposte di tutti i cittadini e svilupper\u00e0 la propria attivit\u00e0 nelle seguenti aree tematiche: politica sociale, culturale, enogastronomica<\/p>\n\n\n\n<p>In particolare si propone di:<\/p>\n\n\n\n<ul class=\"wp-block-list\"><li><strong>di individuare <\/strong>e contrastare gli strumenti e gli agenti di creazione e diffusione nella comunit\u00e0 di sentimenti generalizzati di diffidenza nel prossimo, di insicurezza, di sfiducia, di paura, di ansiet\u00e0, di solitudine, e di aggressivit\u00e0<\/li><\/ul>\n\n\n\n<ul class=\"wp-block-list\"><li><strong>di combattere<\/strong> i fenomeni della disgregazione e dell\u2019atomizzazione dei rapporti sociali, combattendone le cause e promuovendo i valori della socializzazione e della solidariet\u00e0<\/li><\/ul>\n\n\n\n<ul class=\"wp-block-list\"><li><strong>di contrastare<\/strong> il tentativo di ri-fondare le relazioni umane e l\u2019ordine sociale sulla insicurezza dei singoli individui, nonch\u00e8 sulla paura in generale e, in particolare, sulla paura dell\u2019altro e del diverso intesi unicamente come possibile fonte di pericolo e sottrazione e non piuttosto come possibilit\u00e0 di confronto e crescita<\/li><\/ul>\n\n\n\n<ul class=\"wp-block-list\"><li><strong>di contribuire <\/strong>al rafforzamento e al radicamento del pensiero e dell\u2019azione non-profit, in radicale antitesi con la dilagante omnieconomicizzazione dell\u2019esistenza umana<\/li><\/ul>\n\n\n\n<ul class=\"wp-block-list\"><li> <strong>di stimolare<\/strong> le persone ad un nuovo interesse per la vita della comunit\u00e0 e di contribuire allo sviluppo di tutte le forme, vecchie e nuove, di aggregazione, di comunicazione, di dialogo, di confronto e di scambio di idee e di opinioni, di interazione e di integrazione tra le persone<\/li><\/ul>\n\n\n\n<ul class=\"wp-block-list\"><li><strong>I valori fondanti dell\u2019Associazione sono<\/strong>: la democrazia, la solidariet\u00e0, l\u2019amicizia, lo spirito costruttivo, l\u2019anticonformismo sociale, la non violenza, l\u2019antirazzismo, l\u2019anti-autoritarismo<\/li><\/ul>\n\n\n\n<ul class=\"has-vivid-red-color has-text-color wp-block-list\"><li><strong><a href=\"https:\/\/civico32.org\/civico32\/files\/Statuto\/Statuto%20Il%20Civico%2032.pdf\">Statuto<\/a><\/strong><\/li><li><strong><a href=\"https:\/\/civico32.org\/index.php\/sample-page\/organi\/\">Organi<\/a><\/strong><\/li><li><a href=\"https:\/\/civico32.org\/new\/index.php\/verbali\/\"><strong>V<\/strong><\/a><a href=\"https:\/\/civico32.org\/index.php\/verbali\/\"><strong>erbali<\/strong> <strong>Assemble<\/strong><\/a><a href=\"https:\/\/civico32.org\/new\/index.php\/verbali\/\"><strong>e <\/strong><\/a> <\/li><\/ul>\n\n\n\n<p><\/p>\n","protected":false},"excerpt":{"rendered":"<p>&nbsp;\u00e8 un&#8217;associazione non riconosciuta senza fini di lucro &nbsp;\u00e8 aperta a iniziative e proposte di tutti i cittadini e svilupper\u00e0 la propria [&hellip;]<\/p>\n","protected":false},"author":1,"featured_media":0,"parent":0,"menu_order":0,"comment_status":"closed","ping_status":"closed","template":"","meta":{"footnotes":""},"class_list":{"0":"post-2","1":"page","2":"type-page","3":"status-publish","5":"col-md-12"},"yoast_head":"<!-- This site is optimized with the Yoast SEO plugin v24.6 - https:\/\/yoast.com\/wordpress\/plugins\/seo\/ -->\n<title>Chi siamo - associazione civico 32<\/title>\n<meta name=\"robots\" content=\"index, follow, max-snippet:-1, max-image-preview:large, max-video-preview:-1\" \/>\n<link rel=\"canonical\" href=\"https:\/\/civico32.org\/index.php\/sample-page\/\" \/>\n<meta property=\"og:locale\" content=\"it_IT\" \/>\n<meta property=\"og:type\" content=\"article\" \/>\n<meta property=\"og:title\" content=\"Chi siamo - associazione civico 32\" \/>\n<meta property=\"og:description\" content=\"&nbsp;\u00e8 un&#8217;associazione non riconosciuta senza fini di lucro &nbsp;\u00e8 aperta a iniziative e proposte di tutti i cittadini e svilupper\u00e0 la propria [&hellip;]\" \/>\n<meta property=\"og:url\" content=\"https:\/\/civico32.org\/index.php\/sample-page\/\" \/>\n<meta property=\"og:site_name\" content=\"associazione civico 32\" \/>\n<meta property=\"article:modified_time\" content=\"2022-05-20T16:36:20+00:00\" \/>\n<meta property=\"og:image\" content=\"https:\/\/civico32.org\/new\/wp-content\/uploads\/2022\/05\/cropped-civico.jpg\" \/>\n<meta name=\"twitter:card\" content=\"summary_large_image\" \/>\n<meta name=\"twitter:label1\" content=\"Tempo di lettura stimato\" \/>\n\t<meta name=\"twitter:data1\" content=\"2 minuti\" \/>\n<script type=\"application\/ld+json\" class=\"yoast-schema-graph\">{\"@context\":\"https:\/\/schema.org\",\"@graph\":[{\"@type\":\"WebPage\",\"@id\":\"https:\/\/civico32.org\/index.php\/sample-page\/\",\"url\":\"https:\/\/civico32.org\/index.php\/sample-page\/\",\"name\":\"Chi siamo - associazione civico 32\",\"isPartOf\":{\"@id\":\"https:\/\/civico32.org\/#website\"},\"primaryImageOfPage\":{\"@id\":\"https:\/\/civico32.org\/index.php\/sample-page\/#primaryimage\"},\"image\":{\"@id\":\"https:\/\/civico32.org\/index.php\/sample-page\/#primaryimage\"},\"thumbnailUrl\":\"https:\/\/civico32.org\/new\/wp-content\/uploads\/2022\/05\/cropped-civico.jpg\",\"datePublished\":\"2022-05-07T08:36:10+00:00\",\"dateModified\":\"2022-05-20T16:36:20+00:00\",\"breadcrumb\":{\"@id\":\"https:\/\/civico32.org\/index.php\/sample-page\/#breadcrumb\"},\"inLanguage\":\"it-IT\",\"potentialAction\":[{\"@type\":\"ReadAction\",\"target\":[\"https:\/\/civico32.org\/index.php\/sample-page\/\"]}]},{\"@type\":\"ImageObject\",\"inLanguage\":\"it-IT\",\"@id\":\"https:\/\/civico32.org\/index.php\/sample-page\/#primaryimage\",\"url\":\"https:\/\/i0.wp.com\/civico32.org\/new\/wp-content\/uploads\/2022\/05\/cropped-civico.jpg?fit=232%2C85&ssl=1\",\"contentUrl\":\"https:\/\/i0.wp.com\/civico32.org\/new\/wp-content\/uploads\/2022\/05\/cropped-civico.jpg?fit=232%2C85&ssl=1\",\"width\":232,\"height\":85},{\"@type\":\"BreadcrumbList\",\"@id\":\"https:\/\/civico32.org\/index.php\/sample-page\/#breadcrumb\",\"itemListElement\":[{\"@type\":\"ListItem\",\"position\":1,\"name\":\"Home\",\"item\":\"https:\/\/civico32.org\/\"},{\"@type\":\"ListItem\",\"position\":2,\"name\":\"Chi siamo\"}]},{\"@type\":\"WebSite\",\"@id\":\"https:\/\/civico32.org\/#website\",\"url\":\"https:\/\/civico32.org\/\",\"name\":\"associazione civico 32\",\"description\":\"Just another WordPress site\",\"publisher\":{\"@id\":\"https:\/\/civico32.org\/#organization\"},\"potentialAction\":[{\"@type\":\"SearchAction\",\"target\":{\"@type\":\"EntryPoint\",\"urlTemplate\":\"https:\/\/civico32.org\/?s={search_term_string}\"},\"query-input\":{\"@type\":\"PropertyValueSpecification\",\"valueRequired\":true,\"valueName\":\"search_term_string\"}}],\"inLanguage\":\"it-IT\"},{\"@type\":\"Organization\",\"@id\":\"https:\/\/civico32.org\/#organization\",\"name\":\"associazione civico 32\",\"url\":\"https:\/\/civico32.org\/\",\"logo\":{\"@type\":\"ImageObject\",\"inLanguage\":\"it-IT\",\"@id\":\"https:\/\/civico32.org\/#\/schema\/logo\/image\/\",\"url\":\"https:\/\/i0.wp.com\/civico32.org\/new\/wp-content\/uploads\/2022\/05\/cropped-cropped-CIVICO32_logo.jpg?fit=687%2C261&ssl=1\",\"contentUrl\":\"https:\/\/i0.wp.com\/civico32.org\/new\/wp-content\/uploads\/2022\/05\/cropped-cropped-CIVICO32_logo.jpg?fit=687%2C261&ssl=1\",\"width\":687,\"height\":261,\"caption\":\"associazione civico 32\"},\"image\":{\"@id\":\"https:\/\/civico32.org\/#\/schema\/logo\/image\/\"}}]}<\/script>\n<!-- \/ Yoast SEO plugin. -->","yoast_head_json":{"title":"Chi siamo - associazione civico 32","robots":{"index":"index","follow":"follow","max-snippet":"max-snippet:-1","max-image-preview":"max-image-preview:large","max-video-preview":"max-video-preview:-1"},"canonical":"https:\/\/civico32.org\/index.php\/sample-page\/","og_locale":"it_IT","og_type":"article","og_title":"Chi siamo - associazione civico 32","og_description":"&nbsp;\u00e8 un&#8217;associazione non riconosciuta senza fini di lucro &nbsp;\u00e8 aperta a iniziative e proposte di tutti i cittadini e svilupper\u00e0 la propria [&hellip;]","og_url":"https:\/\/civico32.org\/index.php\/sample-page\/","og_site_name":"associazione civico 32","article_modified_time":"2022-05-20T16:36:20+00:00","og_image":[{"url":"https:\/\/civico32.org\/new\/wp-content\/uploads\/2022\/05\/cropped-civico.jpg","type":"","width":"","height":""}],"twitter_card":"summary_large_image","twitter_misc":{"Tempo di lettura stimato":"2 minuti"},"schema":{"@context":"https:\/\/schema.org","@graph":[{"@type":"WebPage","@id":"https:\/\/civico32.org\/index.php\/sample-page\/","url":"https:\/\/civico32.org\/index.php\/sample-page\/","name":"Chi siamo - associazione civico 32","isPartOf":{"@id":"https:\/\/civico32.org\/#website"},"primaryImageOfPage":{"@id":"https:\/\/civico32.org\/index.php\/sample-page\/#primaryimage"},"image":{"@id":"https:\/\/civico32.org\/index.php\/sample-page\/#primaryimage"},"thumbnailUrl":"https:\/\/civico32.org\/new\/wp-content\/uploads\/2022\/05\/cropped-civico.jpg","datePublished":"2022-05-07T08:36:10+00:00","dateModified":"2022-05-20T16:36:20+00:00","breadcrumb":{"@id":"https:\/\/civico32.org\/index.php\/sample-page\/#breadcrumb"},"inLanguage":"it-IT","potentialAction":[{"@type":"ReadAction","target":["https:\/\/civico32.org\/index.php\/sample-page\/"]}]},{"@type":"ImageObject","inLanguage":"it-IT","@id":"https:\/\/civico32.org\/index.php\/sample-page\/#primaryimage","url":"https:\/\/i0.wp.com\/civico32.org\/new\/wp-content\/uploads\/2022\/05\/cropped-civico.jpg?fit=232%2C85&ssl=1","contentUrl":"https:\/\/i0.wp.com\/civico32.org\/new\/wp-content\/uploads\/2022\/05\/cropped-civico.jpg?fit=232%2C85&ssl=1","width":232,"height":85},{"@type":"BreadcrumbList","@id":"https:\/\/civico32.org\/index.php\/sample-page\/#breadcrumb","itemListElement":[{"@type":"ListItem","position":1,"name":"Home","item":"https:\/\/civico32.org\/"},{"@type":"ListItem","position":2,"name":"Chi siamo"}]},{"@type":"WebSite","@id":"https:\/\/civico32.org\/#website","url":"https:\/\/civico32.org\/","name":"associazione civico 32","description":"Just another WordPress site","publisher":{"@id":"https:\/\/civico32.org\/#organization"},"potentialAction":[{"@type":"SearchAction","target":{"@type":"EntryPoint","urlTemplate":"https:\/\/civico32.org\/?s={search_term_string}"},"query-input":{"@type":"PropertyValueSpecification","valueRequired":true,"valueName":"search_term_string"}}],"inLanguage":"it-IT"},{"@type":"Organization","@id":"https:\/\/civico32.org\/#organization","name":"associazione civico 32","url":"https:\/\/civico32.org\/","logo":{"@type":"ImageObject","inLanguage":"it-IT","@id":"https:\/\/civico32.org\/#\/schema\/logo\/image\/","url":"https:\/\/i0.wp.com\/civico32.org\/new\/wp-content\/uploads\/2022\/05\/cropped-cropped-CIVICO32_logo.jpg?fit=687%2C261&ssl=1","contentUrl":"https:\/\/i0.wp.com\/civico32.org\/new\/wp-content\/uploads\/2022\/05\/cropped-cropped-CIVICO32_logo.jpg?fit=687%2C261&ssl=1","width":687,"height":261,"caption":"associazione civico 32"},"image":{"@id":"https:\/\/civico32.org\/#\/schema\/logo\/image\/"}}]}},"jetpack_sharing_enabled":true,"_links":{"self":[{"href":"https:\/\/civico32.org\/index.php\/wp-json\/wp\/v2\/pages\/2","targetHints":{"allow":["GET"]}}],"collection":[{"href":"https:\/\/civico32.org\/index.php\/wp-json\/wp\/v2\/pages"}],"about":[{"href":"https:\/\/civico32.org\/index.php\/wp-json\/wp\/v2\/types\/page"}],"author":[{"embeddable":true,"href":"https:\/\/civico32.org\/index.php\/wp-json\/wp\/v2\/users\/1"}],"replies":[{"embeddable":true,"href":"https:\/\/civico32.org\/index.php\/wp-json\/wp\/v2\/comments?post=2"}],"version-history":[{"count":22,"href":"https:\/\/civico32.org\/index.php\/wp-json\/wp\/v2\/pages\/2\/revisions"}],"predecessor-version":[{"id":556,"href":"https:\/\/civico32.org\/index.php\/wp-json\/wp\/v2\/pages\/2\/revisions\/556"}],"wp:attachment":[{"href":"https:\/\/civico32.org\/index.php\/wp-json\/wp\/v2\/media?parent=2"}],"curies":[{"name":"wp","href":"https:\/\/api.w.org\/{rel}","templated":true}]}}